{"id":425,"date":"2024-05-23T13:52:37","date_gmt":"2024-05-23T11:52:37","guid":{"rendered":"https:\/\/sadhana-ashtanga.fr\/?page_id=425"},"modified":"2026-03-30T14:11:53","modified_gmt":"2026-03-30T12:11:53","slug":"contact","status":"publish","type":"page","link":"https:\/\/sadhana-ashtanga.fr\/en\/contact\/","title":{"rendered":"Contact"},"content":{"rendered":"\t\t<div data-elementor-type=\"wp-page\" data-elementor-id=\"425\" class=\"elementor elementor-425\">\n\t\t\t\t<div class=\"elementor-element elementor-element-4d611bf e-con-full sticky-parent e-flex e-con e-parent\" data-id=\"4d611bf\" data-element_type=\"container\" data-e-type=\"container\" data-settings=\"{&quot;background_background&quot;:&quot;classic&quot;}\">\n\t\t<div class=\"elementor-element elementor-element-f6a325b e-con-full animated-slow e-flex elementor-invisible e-con e-child\" data-id=\"f6a325b\" data-element_type=\"container\" data-e-type=\"container\" data-settings=\"{&quot;animation&quot;:&quot;fadeIn&quot;,&quot;animation_mobile&quot;:&quot;fadeIn&quot;}\">\n\t\t\t\t<div class=\"elementor-element elementor-element-8adb546 elementor-widget elementor-widget-tp-smooth-scroll\" data-id=\"8adb546\" data-element_type=\"widget\" data-e-type=\"widget\" data-widget_type=\"tp-smooth-scroll.default\">\n\t\t\t\t<div class=\"elementor-widget-container\">\n\t\t\t\t\t<div class=\"plus-smooth-scroll\" data-scroll-type=\"basic\" data-frameRate=\"150\" data-animationTime=\"1000\" data-stepSize=\"100\" data-pulseAlgorithm=\"1\" data-pulseScale=\"4\" data-pulseNormalize=\"1\" data-accelerationDelta=\"50\" data-accelerationMax=\"3\" data-keyboardSupport=\"1\" data-arrowScroll=\"50\" data-touchpadSupport=\"0\" data-fixedBackground=\"1\" data-basicdata=\"{&quot;Browsers&quot;:[&quot;ieWin7&quot;,&quot;chrome&quot;,&quot;firefox&quot;,&quot;safari&quot;]}\"   data-tablet-off=&quot;no&quot; ><script>var smoothAllowedBrowsers = [\"ieWin7\",\"chrome\",\"firefox\",\"safari\"]<\/script><\/div>\t\t\t\t<\/div>\n\t\t\t\t<\/div>\n\t\t\t\t<div class=\"elementor-element elementor-element-ca735b6 elementor-widget elementor-widget-heading\" data-id=\"ca735b6\" data-element_type=\"widget\" data-e-type=\"widget\" data-widget_type=\"heading.default\">\n\t\t\t\t<div class=\"elementor-widget-container\">\n\t\t\t\t\t<h2 class=\"elementor-heading-title elementor-size-default\">Pour me contacter<\/h2>\t\t\t\t<\/div>\n\t\t\t\t<\/div>\n\t\t\t\t<div class=\"elementor-element elementor-element-5a7960d elementor-widget__width-initial elementor-widget elementor-widget-text-editor\" data-id=\"5a7960d\" data-element_type=\"widget\" data-e-type=\"widget\" data-widget_type=\"text-editor.default\">\n\t\t\t\t<div class=\"elementor-widget-container\">\n\t\t\t\t\t\t\t\t\t<p>Par t\u00e9l\u00e9phone, texto, message <em>whatsapp<\/em> ou mail : n&rsquo;h\u00e9sitez pas si vous avez des questions.<\/p><p>I speak english y hablo <em>espa\u00f1ol<\/em> !<\/p>\t\t\t\t\t\t\t\t<\/div>\n\t\t\t\t<\/div>\n\t\t\t\t<div class=\"elementor-element elementor-element-45ad8ce elementor-widget elementor-widget-text-editor\" data-id=\"45ad8ce\" data-element_type=\"widget\" data-e-type=\"widget\" data-widget_type=\"text-editor.default\">\n\t\t\t\t<div class=\"elementor-widget-container\">\n\t\t\t\t\t\t\t\t\t<p>Nathalie Blanc<\/p><p>2, rue Sainte Ursule<br \/>26400 Crest<\/p><p>(oo33) 06 95 507 807<\/p><p><a href=\"mailto:nathalie@sadhana-ashtanga.fr\">nathalie@sadhana-ashtanga.fr<\/a><\/p>\t\t\t\t\t\t\t\t<\/div>\n\t\t\t\t<\/div>\n\t\t\t\t<\/div>\n\t\t<div class=\"elementor-element elementor-element-7f9516e e-con-full sticky-column animated-slow e-flex elementor-invisible e-con e-child\" data-id=\"7f9516e\" data-element_type=\"container\" data-e-type=\"container\" data-settings=\"{&quot;animation&quot;:&quot;fadeIn&quot;,&quot;animation_tablet&quot;:&quot;fadeIn&quot;}\">\n\t\t\t\t<div class=\"elementor-element elementor-element-d722dff elementor-widget elementor-widget-image\" data-id=\"d722dff\" data-element_type=\"widget\" data-e-type=\"widget\" data-widget_type=\"image.default\">\n\t\t\t\t<div class=\"elementor-widget-container\">\n\t\t\t\t\t\t\t\t\t\t\t\t\t\t\t<img fetchpriority=\"high\" decoding=\"async\" width=\"683\" height=\"1024\" src=\"https:\/\/sadhana-ashtanga.fr\/wp-content\/uploads\/2024\/05\/0004_Deco_et_repas__32__WEB.jpg\" class=\"attachment-large size-large wp-image-315\" alt=\"\" srcset=\"https:\/\/sadhana-ashtanga.fr\/wp-content\/uploads\/2024\/05\/0004_Deco_et_repas__32__WEB.jpg 683w, https:\/\/sadhana-ashtanga.fr\/wp-content\/uploads\/2024\/05\/0004_Deco_et_repas__32__WEB-200x300.jpg 200w\" sizes=\"(max-width: 683px) 100vw, 683px\" \/>\t\t\t\t\t\t\t\t\t\t\t\t\t\t\t<\/div>\n\t\t\t\t<\/div>\n\t\t\t\t<\/div>\n\t\t\t\t<\/div>\n\t\t<div class=\"elementor-element elementor-element-ec8922d e-con-full e-flex e-con e-parent\" data-id=\"ec8922d\" data-element_type=\"container\" data-e-type=\"container\" id=\"reservation\" data-settings=\"{&quot;background_background&quot;:&quot;classic&quot;}\">\n\t\t<div class=\"elementor-element elementor-element-a4d1eb2 e-con-full e-flex e-con e-child\" data-id=\"a4d1eb2\" data-element_type=\"container\" data-e-type=\"container\">\n\t\t<div class=\"elementor-element elementor-element-a09706a e-con-full animated-slow e-flex elementor-invisible e-con e-child\" data-id=\"a09706a\" data-element_type=\"container\" data-e-type=\"container\" data-settings=\"{&quot;background_background&quot;:&quot;classic&quot;,&quot;animation&quot;:&quot;fadeIn&quot;}\">\n\t\t<div class=\"elementor-element elementor-element-7838e93 e-con-full e-flex e-con e-child\" data-id=\"7838e93\" data-element_type=\"container\" data-e-type=\"container\" data-settings=\"{&quot;background_background&quot;:&quot;classic&quot;}\">\n\t\t\t\t<div class=\"elementor-element elementor-element-a2b029c elementor-widget elementor-widget-heading\" data-id=\"a2b029c\" data-element_type=\"widget\" data-e-type=\"widget\" data-widget_type=\"heading.default\">\n\t\t\t\t<div class=\"elementor-widget-container\">\n\t\t\t\t\t<h2 class=\"elementor-heading-title elementor-size-default\">R\u00e9server une retraite<\/h2>\t\t\t\t<\/div>\n\t\t\t\t<\/div>\n\t\t\t\t<div class=\"elementor-element elementor-element-24b0e3f elementor-widget elementor-widget-text-editor\" data-id=\"24b0e3f\" data-element_type=\"widget\" data-e-type=\"widget\" data-widget_type=\"text-editor.default\">\n\t\t\t\t<div class=\"elementor-widget-container\">\n\t\t\t\t\t\t\t\t\t<p>Me contacter pour r\u00e9server une retraite, 6 places maximum sur chaque date.<\/p>\t\t\t\t\t\t\t\t<\/div>\n\t\t\t\t<\/div>\n\t\t\t\t<div class=\"elementor-element elementor-element-f9b6772 elementor-widget elementor-widget-button\" data-id=\"f9b6772\" data-element_type=\"widget\" data-e-type=\"widget\" data-widget_type=\"button.default\">\n\t\t\t\t<div class=\"elementor-widget-container\">\n\t\t\t\t\t\t\t\t\t<div class=\"elementor-button-wrapper\">\n\t\t\t\t\t<a class=\"elementor-button elementor-button-link elementor-size-sm\" href=\"mailto:nathalie@sadhana-ashtanga.fr\">\n\t\t\t\t\t\t<span class=\"elementor-button-content-wrapper\">\n\t\t\t\t\t\t\t\t\t<span class=\"elementor-button-text\">Envoyer un mail<\/span>\n\t\t\t\t\t<\/span>\n\t\t\t\t\t<\/a>\n\t\t\t\t<\/div>\n\t\t\t\t\t\t\t\t<\/div>\n\t\t\t\t<\/div>\n\t\t\t\t<\/div>\n\t\t<div class=\"elementor-element elementor-element-bda3807 e-con-full e-flex e-con e-child\" data-id=\"bda3807\" data-element_type=\"container\" data-e-type=\"container\" data-settings=\"{&quot;background_background&quot;:&quot;classic&quot;}\">\n\t\t\t\t<div class=\"elementor-element elementor-element-839448c elementor-widget elementor-widget-heading\" data-id=\"839448c\" data-element_type=\"widget\" data-e-type=\"widget\" data-widget_type=\"heading.default\">\n\t\t\t\t<div class=\"elementor-widget-container\">\n\t\t\t\t\t<h2 class=\"elementor-heading-title elementor-size-default\">R\u00e9server un cours<\/h2>\t\t\t\t<\/div>\n\t\t\t\t<\/div>\n\t\t\t\t<div class=\"elementor-element elementor-element-02612b2 elementor-widget elementor-widget-text-editor\" data-id=\"02612b2\" data-element_type=\"widget\" data-e-type=\"widget\" data-widget_type=\"text-editor.default\">\n\t\t\t\t<div class=\"elementor-widget-container\">\n\t\t\t\t\t\t\t\t\t<p>Pour r\u00e9server un cours de Yoga (cours d\u00e9couverte gratuit), planning et r\u00e9servation en ligne sur JYogui, ou me contacter.<\/p>\t\t\t\t\t\t\t\t<\/div>\n\t\t\t\t<\/div>\n\t\t\t\t<div class=\"elementor-element elementor-element-039493f elementor-widget elementor-widget-button\" data-id=\"039493f\" data-element_type=\"widget\" data-e-type=\"widget\" data-widget_type=\"button.default\">\n\t\t\t\t<div class=\"elementor-widget-container\">\n\t\t\t\t\t\t\t\t\t<div class=\"elementor-button-wrapper\">\n\t\t\t\t\t<a class=\"elementor-button elementor-button-link elementor-size-sm\" href=\"https:\/\/www.jyogui.com\/#\/lesson-public\/school\/1868251\">\n\t\t\t\t\t\t<span class=\"elementor-button-content-wrapper\">\n\t\t\t\t\t\t\t\t\t<span class=\"elementor-button-text\">R\u00e9server un cours\u00a0<\/span>\n\t\t\t\t\t<\/span>\n\t\t\t\t\t<\/a>\n\t\t\t\t<\/div>\n\t\t\t\t\t\t\t\t<\/div>\n\t\t\t\t<\/div>\n\t\t\t\t<\/div>\n\t\t\t\t<\/div>\n\t\t\t\t<\/div>\n\t\t\t\t<\/div>\n\t\t<div class=\"elementor-element elementor-element-08e069f e-con-full e-flex e-con e-parent\" data-id=\"08e069f\" data-element_type=\"container\" data-e-type=\"container\" data-settings=\"{&quot;background_background&quot;:&quot;classic&quot;}\">\n\t\t<div class=\"elementor-element elementor-element-0d11f33 e-con-full e-flex e-con e-child\" data-id=\"0d11f33\" data-element_type=\"container\" data-e-type=\"container\">\n\t\t<div class=\"elementor-element elementor-element-da7d66e e-con-full animated-slow e-flex elementor-invisible e-con e-child\" data-id=\"da7d66e\" data-element_type=\"container\" data-e-type=\"container\" data-settings=\"{&quot;background_background&quot;:&quot;classic&quot;,&quot;animation&quot;:&quot;fadeIn&quot;}\">\n\t\t<div class=\"elementor-element elementor-element-ee58507 e-con-full e-flex e-con e-child\" data-id=\"ee58507\" data-element_type=\"container\" data-e-type=\"container\" data-settings=\"{&quot;background_background&quot;:&quot;classic&quot;}\">\n\t\t\t\t<div class=\"elementor-element elementor-element-9e414b2 elementor-widget elementor-widget-heading\" data-id=\"9e414b2\" data-element_type=\"widget\" data-e-type=\"widget\" data-widget_type=\"heading.default\">\n\t\t\t\t<div class=\"elementor-widget-container\">\n\t\t\t\t\t<h2 class=\"elementor-heading-title elementor-size-default\">Venir \u00e0 Shala Sainte Ursule<\/h2>\t\t\t\t<\/div>\n\t\t\t\t<\/div>\n\t\t\t\t<div class=\"elementor-element elementor-element-fc71d36 elementor-widget elementor-widget-text-editor\" data-id=\"fc71d36\" data-element_type=\"widget\" data-e-type=\"widget\" data-widget_type=\"text-editor.default\">\n\t\t\t\t<div class=\"elementor-widget-container\">\n\t\t\t\t\t\t\t\t\t<p>Le <em>Shala Sainte Ursule <\/em>est \u00e0 Crest, \u00e0 c\u00f4t\u00e9 de la Tour, accessible en 15 minutes \u00e0 pieds depuis la Gare SNCF.<\/p><p>Crest se trouve dans la Dr\u00f4me au Sud-Est de la France :<\/p><p>&#8211; \u00e0 25 minutes de Valence<br \/>&#8211; \u00e0 2h de Lyon dans la r\u00e9gion Rh\u00f4ne-Alpes Auvergne<br \/>&#8211; \u00e0 2h de Marseille<br \/>&#8211; \u00e0 3h de Paris et de Gen\u00e8ve<\/p>\t\t\t\t\t\t\t\t<\/div>\n\t\t\t\t<\/div>\n\t\t\t\t<\/div>\n\t\t<div class=\"elementor-element elementor-element-c942bf3 e-con-full e-flex e-con e-child\" data-id=\"c942bf3\" data-element_type=\"container\" data-e-type=\"container\" data-settings=\"{&quot;background_background&quot;:&quot;classic&quot;}\">\n\t\t\t\t<div class=\"elementor-element elementor-element-840fa76 elementor-widget elementor-widget-google_maps\" data-id=\"840fa76\" data-element_type=\"widget\" data-e-type=\"widget\" data-widget_type=\"google_maps.default\">\n\t\t\t\t<div class=\"elementor-widget-container\">\n\t\t\t\t\t\t\t<div class=\"elementor-custom-embed\">\n\t\t\t<iframe loading=\"lazy\"\n\t\t\t\t\tsrc=\"https:\/\/maps.google.com\/maps?q=Kaya%20Sadhana%20Yoga&#038;t=m&#038;z=8&#038;output=embed&#038;iwloc=near\"\n\t\t\t\t\ttitle=\"Kaya Sadhana Yoga\"\n\t\t\t\t\taria-label=\"Kaya Sadhana Yoga\"\n\t\t\t><\/iframe>\n\t\t<\/div>\n\t\t\t\t\t\t<\/div>\n\t\t\t\t<\/div>\n\t\t\t\t<\/div>\n\t\t\t\t<\/div>\n\t\t\t\t<\/div>\n\t\t\t\t<\/div>\n\t\t\t\t<\/div>\n\t\t","protected":false},"excerpt":{"rendered":"<p>Pour me contacter Par t\u00e9l\u00e9phone, texto, message whatsapp ou mail : n&rsquo;h\u00e9sitez pas si vous avez des questions. I speak english y hablo espa\u00f1ol ! Nathalie Blanc 2, rue Sainte [&hellip;]<\/p>\n","protected":false},"author":1,"featured_media":0,"parent":0,"menu_order":0,"comment_status":"closed","ping_status":"closed","template":"","meta":{"footnotes":""},"class_list":["post-425","page","type-page","status-publish","hentry"],"_links":{"self":[{"href":"https:\/\/sadhana-ashtanga.fr\/en\/wp-json\/wp\/v2\/pages\/425","targetHints":{"allow":["GET"]}}],"collection":[{"href":"https:\/\/sadhana-ashtanga.fr\/en\/wp-json\/wp\/v2\/pages"}],"about":[{"href":"https:\/\/sadhana-ashtanga.fr\/en\/wp-json\/wp\/v2\/types\/page"}],"author":[{"embeddable":true,"href":"https:\/\/sadhana-ashtanga.fr\/en\/wp-json\/wp\/v2\/users\/1"}],"replies":[{"embeddable":true,"href":"https:\/\/sadhana-ashtanga.fr\/en\/wp-json\/wp\/v2\/comments?post=425"}],"version-history":[{"count":70,"href":"https:\/\/sadhana-ashtanga.fr\/en\/wp-json\/wp\/v2\/pages\/425\/revisions"}],"predecessor-version":[{"id":2368,"href":"https:\/\/sadhana-ashtanga.fr\/en\/wp-json\/wp\/v2\/pages\/425\/revisions\/2368"}],"wp:attachment":[{"href":"https:\/\/sadhana-ashtanga.fr\/en\/wp-json\/wp\/v2\/media?parent=425"}],"curies":[{"name":"wp","href":"https:\/\/api.w.org\/{rel}","templated":true}]}}