{"id":169,"date":"2024-05-21T16:22:00","date_gmt":"2024-05-21T14:22:00","guid":{"rendered":"https:\/\/sadhana-ashtanga.fr\/?page_id=169"},"modified":"2026-03-13T22:46:29","modified_gmt":"2026-03-13T21:46:29","slug":"kaya-sadhana","status":"publish","type":"page","link":"https:\/\/sadhana-ashtanga.fr\/en\/","title":{"rendered":"Kaya Sadhana, Retraites et cours de yoga \u00e0 Crest, Dr\u00f4me"},"content":{"rendered":"\t\t<div data-elementor-type=\"wp-page\" data-elementor-id=\"169\" class=\"elementor elementor-169\">\n\t\t\t\t<div class=\"elementor-element elementor-element-feea327 e-con-full e-flex e-con e-parent\" data-id=\"feea327\" data-element_type=\"container\" data-e-type=\"container\" data-settings=\"{&quot;background_background&quot;:&quot;classic&quot;}\">\n\t\t\t\t<div class=\"elementor-element elementor-element-7ceba21 elementor-widget elementor-widget-spacer\" data-id=\"7ceba21\" data-element_type=\"widget\" data-e-type=\"widget\" data-widget_type=\"spacer.default\">\n\t\t\t\t<div class=\"elementor-widget-container\">\n\t\t\t\t\t\t\t<div class=\"elementor-spacer\">\n\t\t\t<div class=\"elementor-spacer-inner\"><\/div>\n\t\t<\/div>\n\t\t\t\t\t\t<\/div>\n\t\t\t\t<\/div>\n\t\t<div class=\"elementor-element elementor-element-64df804 e-flex e-con-boxed e-con e-child\" data-id=\"64df804\" data-element_type=\"container\" data-e-type=\"container\">\n\t\t\t\t\t<div class=\"e-con-inner\">\n\t\t\t\t<div class=\"elementor-element elementor-element-42efc8a elementor-widget elementor-widget-spacer\" data-id=\"42efc8a\" data-element_type=\"widget\" data-e-type=\"widget\" data-widget_type=\"spacer.default\">\n\t\t\t\t<div class=\"elementor-widget-container\">\n\t\t\t\t\t\t\t<div class=\"elementor-spacer\">\n\t\t\t<div class=\"elementor-spacer-inner\"><\/div>\n\t\t<\/div>\n\t\t\t\t\t\t<\/div>\n\t\t\t\t<\/div>\n\t\t\t\t<div class=\"elementor-element elementor-element-13e29df elementor-widget elementor-widget-tp-smooth-scroll\" data-id=\"13e29df\" data-element_type=\"widget\" data-e-type=\"widget\" data-widget_type=\"tp-smooth-scroll.default\">\n\t\t\t\t<div class=\"elementor-widget-container\">\n\t\t\t\t\t<div class=\"plus-smooth-scroll\" data-scroll-type=\"basic\" data-frameRate=\"150\" data-animationTime=\"1000\" data-stepSize=\"100\" data-pulseAlgorithm=\"1\" data-pulseScale=\"4\" data-pulseNormalize=\"1\" data-accelerationDelta=\"50\" data-accelerationMax=\"3\" data-keyboardSupport=\"1\" data-arrowScroll=\"50\" data-touchpadSupport=\"0\" data-fixedBackground=\"1\" data-basicdata=\"{&quot;Browsers&quot;:[&quot;ieWin7&quot;,&quot;chrome&quot;,&quot;firefox&quot;,&quot;safari&quot;]}\"   data-tablet-off=&quot;no&quot; ><script>var smoothAllowedBrowsers = [\"ieWin7\",\"chrome\",\"firefox\",\"safari\"]<\/script><\/div>\t\t\t\t<\/div>\n\t\t\t\t<\/div>\n\t\t\t\t<div class=\"elementor-element elementor-element-953be55 animated-slow elementor-invisible elementor-widget elementor-widget-heading\" data-id=\"953be55\" data-element_type=\"widget\" data-e-type=\"widget\" data-settings=\"{&quot;_animation&quot;:&quot;fadeIn&quot;}\" data-widget_type=\"heading.default\">\n\t\t\t\t<div class=\"elementor-widget-container\">\n\t\t\t\t\t<h2 class=\"elementor-heading-title elementor-size-default\">Kaya Sadhana<\/h2>\t\t\t\t<\/div>\n\t\t\t\t<\/div>\n\t\t\t\t<div class=\"elementor-element elementor-element-50a01a0 animated-slow elementor-invisible elementor-widget elementor-widget-heading\" data-id=\"50a01a0\" data-element_type=\"widget\" data-e-type=\"widget\" data-settings=\"{&quot;_animation&quot;:&quot;fadeIn&quot;,&quot;_animation_delay&quot;:100}\" data-widget_type=\"heading.default\">\n\t\t\t\t<div class=\"elementor-widget-container\">\n\t\t\t\t\t<h2 class=\"elementor-heading-title elementor-size-default\">Yoga - Biographie - Karma<\/h2>\t\t\t\t<\/div>\n\t\t\t\t<\/div>\n\t\t\t\t<div class=\"elementor-element elementor-element-178e500 animated-slow elementor-invisible elementor-widget elementor-widget-text-editor\" data-id=\"178e500\" data-element_type=\"widget\" data-e-type=\"widget\" data-settings=\"{&quot;_animation&quot;:&quot;fadeIn&quot;,&quot;_animation_delay&quot;:200}\" data-widget_type=\"text-editor.default\">\n\t\t\t\t<div class=\"elementor-widget-container\">\n\t\t\t\t\t\t\t\t\t<p>Chemins d&rsquo;exploration du Corps \u00e0 l&rsquo;Esprit<\/p>\t\t\t\t\t\t\t\t<\/div>\n\t\t\t\t<\/div>\n\t\t\t\t\t<\/div>\n\t\t\t\t<\/div>\n\t\t\t\t<\/div>\n\t\t<div class=\"elementor-element elementor-element-7d2890d e-flex e-con-boxed e-con e-parent\" data-id=\"7d2890d\" data-element_type=\"container\" data-e-type=\"container\" data-settings=\"{&quot;background_background&quot;:&quot;classic&quot;}\">\n\t\t\t\t\t<div class=\"e-con-inner\">\n\t\t\t\t<div class=\"elementor-element elementor-element-19af7d9 animated-slow elementor-view-default elementor-invisible elementor-widget elementor-widget-icon\" data-id=\"19af7d9\" data-element_type=\"widget\" data-e-type=\"widget\" data-settings=\"{&quot;_animation&quot;:&quot;fadeIn&quot;}\" data-widget_type=\"icon.default\">\n\t\t\t\t<div class=\"elementor-widget-container\">\n\t\t\t\t\t\t\t<div class=\"elementor-icon-wrapper\">\n\t\t\t<div class=\"elementor-icon\">\n\t\t\t<svg xmlns=\"http:\/\/www.w3.org\/2000\/svg\" id=\"Calque_2\" data-name=\"Calque 2\" viewBox=\"0 0 185.16 198.5\"><defs><style>      .cls-1 {        fill: #b98ea7;        stroke-width: 0px;      }    <\/style><\/defs><g id=\"OBJECTS\"><g><path class=\"cls-1\" d=\"m13.01,60.81c4.1,8.26,8.2,16.52,12.31,24.77,8.68-6.85,19.72-10.79,30.76-11.51,2.94-.19,5.95-.14,8.75.78,2.8.92,5.38,2.82,6.59,5.5,1.6,3.57.47,7.94-2.01,10.98-2.47,3.04-6.06,4.96-9.7,6.4-6.69,2.65-13.9,3.95-21.1,3.82,3.63,9.25,6.62,17.91,10.24,27.16,7.52.85,15.76-2.09,22.4,1.54,5.79,3.17,8.39,10.67,6.92,17.11-1.47,6.44-6.36,11.72-12.14,14.91-8.84,4.88-20.02,5.27-29.17,1-9.85-4.59-16.68-13.77-22.46-22.97-5.35-8.52-10.16-17.37-14.4-26.48,1.75,13.53,2.14,27,6.68,39.87s11.74,25.09,22.35,33.67c10.61,8.58,24.9,13.15,38.23,10.25,14.73-3.2,26.75-15.42,31.12-29.85,4.37-14.43,1.52-30.55-6.24-43.47,8.1,1.04,16.77-1.18,23.17-6.25,6.4-5.07,10.97-12.19,13.9-19.8,1.52-3.94,2.76-8.24,5.9-11.05,2.58-2.31,6.23-3.28,9.68-2.87s6.66,2.15,9.13,4.58c3.4,3.34,5.42,7.89,6.38,12.56s.93,9.48.72,14.24c-.24,5.47-.72,10.98-2.3,16.23s-4.33,10.25-8.5,13.8c-6.38,5.41-15.83,6.77-23.62,3.72-7.79-3.05-13.72-10.26-15.6-18.41-3.53,10.31-3.52,21.4.9,31.36,4.42,9.96,13.64,17.93,24.38,19.75,10.13,1.72,20.72-2.08,28.53-8.75,7.81-6.67,13.06-15.95,16.33-25.69,4.46-13.27,5.44-27.84,1.76-41.35-3.68-13.5-12.19-25.82-24.11-33.17-7.76-4.78-17.27-7.41-26.1-5.18-10.11,2.56-17.73,10.97-23,19.97-2.56,4.38-4.73,9-7.66,13.14-2.93,4.14-6.76,7.86-11.56,9.52-4.8,1.66-10.65.86-14.09-2.88,8.6-6.83,14.9-15.77,18.41-26.17,2.05-6.08,3.04-12.87.66-18.83-1.9-4.74-5.75-8.47-9.99-11.31-10.84-7.28-24.61-9.53-37.52-7.58-12.91,1.96-24.44,9.13-34.91,16.94Z\"><\/path><path class=\"cls-1\" d=\"m153.47,22.52c4.73,3.9,9.03,8.71,12.19,13.96-8.07,9.03-18.38,16.29-30.05,19.54-11.66,3.26-24.72,2.24-35.13-3.94-12.07-7.16-19.58-20.68-21.38-34.6,9.38,11.67,24.98,18.21,39.89,16.94,11.67-1,24.03-6.62,34.48-11.9Z\"><\/path><path class=\"cls-1\" d=\"m129.75,15.59c-5.75,5.67-11.79,11.28-17.54,16.95-5.08-5.96-10.17-11.93-15.25-17.89,5.41-4.82,10.73-9.83,16.14-14.65,4.77,5.72,10.88,10.88,16.65,15.59Z\"><\/path><\/g><\/g><\/svg>\t\t\t<\/div>\n\t\t<\/div>\n\t\t\t\t\t\t<\/div>\n\t\t\t\t<\/div>\n\t\t\t\t<div class=\"elementor-element elementor-element-028d3a2 animated-slow elementor-invisible elementor-widget elementor-widget-text-editor\" data-id=\"028d3a2\" data-element_type=\"widget\" data-e-type=\"widget\" data-settings=\"{&quot;_animation&quot;:&quot;fadeIn&quot;}\" data-widget_type=\"text-editor.default\">\n\t\t\t\t<div class=\"elementor-widget-container\">\n\t\t\t\t\t\t\t\t\t<p><strong>K\u0101ya S\u0101dhan\u0101<\/strong> ou la voie du corps, la voie de l&rsquo;exp\u00e9rience terrestre pour \u00e9lever sa conscience<\/p>\t\t\t\t\t\t\t\t<\/div>\n\t\t\t\t<\/div>\n\t\t\t\t\t<\/div>\n\t\t\t\t<\/div>\n\t\t<div class=\"elementor-element elementor-element-4861787 e-flex e-con-boxed e-con e-parent\" data-id=\"4861787\" data-element_type=\"container\" data-e-type=\"container\" data-settings=\"{&quot;background_background&quot;:&quot;classic&quot;}\">\n\t\t\t\t\t<div class=\"e-con-inner\">\n\t\t<div class=\"elementor-element elementor-element-874d33d e-flex e-con-boxed e-con e-child\" data-id=\"874d33d\" data-element_type=\"container\" data-e-type=\"container\">\n\t\t\t\t\t<div class=\"e-con-inner\">\n\t\t\t\t<div class=\"elementor-element elementor-element-be9dd56 animated-slow elementor-invisible elementor-widget elementor-widget-text-editor\" data-id=\"be9dd56\" data-element_type=\"widget\" data-e-type=\"widget\" data-settings=\"{&quot;_animation&quot;:&quot;fadeIn&quot;}\" data-widget_type=\"text-editor.default\">\n\t\t\t\t<div class=\"elementor-widget-container\">\n\t\t\t\t\t\t\t\t\t<p><strong>K\u0101ya<\/strong> en Sanskrit d\u00e9signe le corps ou plut\u00f4t l&rsquo;ensemble \u00ab\u00a0des corps\u00a0\u00bb qui nous constituent selon la vision indienne qui d\u00e9passe la notion r\u00e9duite de corps physique et inclut le corps psychique, le corps \u00e9motionnel, le corps \u00e9nerg\u00e9tique, le corps causal&#8230; K\u0101ya signifie aussi \u00ab\u00a0dimension\u00a0\u00bb et m\u00eame dimension de l&rsquo;existence. Et cela rejoint la conception anthroposophique de l&rsquo;homme dans ses diff\u00e9rents constituants : corps physique, corps \u00e9th\u00e9rique, corps astral et le JE.<\/p>\t\t\t\t\t\t\t\t<\/div>\n\t\t\t\t<\/div>\n\t\t\t\t\t<\/div>\n\t\t\t\t<\/div>\n\t\t<div class=\"elementor-element elementor-element-41995fe e-flex e-con-boxed e-con e-child\" data-id=\"41995fe\" data-element_type=\"container\" data-e-type=\"container\">\n\t\t\t\t\t<div class=\"e-con-inner\">\n\t\t\t\t<div class=\"elementor-element elementor-element-69b0b45 animated-slow elementor-invisible elementor-widget elementor-widget-text-editor\" data-id=\"69b0b45\" data-element_type=\"widget\" data-e-type=\"widget\" data-settings=\"{&quot;_animation&quot;:&quot;fadeIn&quot;}\" data-widget_type=\"text-editor.default\">\n\t\t\t\t<div class=\"elementor-widget-container\">\n\t\t\t\t\t\t\t\t\t<p><strong>S\u0101dhan\u0101<\/strong> est le chemin qu&rsquo;on choisit de tracer dans la discipline, une discipline vivante et libre vers la r\u00e9alisation de Soi. La S\u0101dhan\u0101, pratique spirituelle, engagement de tout son \u00catre dans la pers\u00e9v\u00e9rance et dans la Joie. <\/p>\t\t\t\t\t\t\t\t<\/div>\n\t\t\t\t<\/div>\n\t\t\t\t\t<\/div>\n\t\t\t\t<\/div>\n\t\t\t\t\t<\/div>\n\t\t\t\t<\/div>\n\t\t<div class=\"elementor-element elementor-element-0b9c514 e-con-full e-flex e-con e-parent\" data-id=\"0b9c514\" data-element_type=\"container\" data-e-type=\"container\" data-settings=\"{&quot;background_background&quot;:&quot;classic&quot;}\">\n\t\t\t\t<div class=\"elementor-element elementor-element-2eeff47 animated-slow elementor-invisible elementor-widget elementor-widget-text-editor\" data-id=\"2eeff47\" data-element_type=\"widget\" data-e-type=\"widget\" data-settings=\"{&quot;_animation&quot;:&quot;fadeIn&quot;,&quot;_animation_delay&quot;:200}\" data-widget_type=\"text-editor.default\">\n\t\t\t\t<div class=\"elementor-widget-container\">\n\t\t\t\t\t\t\t\t\t<p>Le Yoga comme voie d\u2019exploration du corps et du Soi<\/p><p>L\u2019\u00e9tude de la Biographie comme voie d\u2019exploration du destin et des myst\u00e8res de l\u2019individualit\u00e9\u00a0<\/p><p>Des chemins pour d\u00e9velopper sa conscience et redonner au monde<\/p>\t\t\t\t\t\t\t\t<\/div>\n\t\t\t\t<\/div>\n\t\t\t\t<\/div>\n\t\t<div class=\"elementor-element elementor-element-1466f14 e-flex e-con-boxed e-con e-parent\" data-id=\"1466f14\" data-element_type=\"container\" data-e-type=\"container\" data-settings=\"{&quot;background_background&quot;:&quot;classic&quot;}\">\n\t\t\t\t\t<div class=\"e-con-inner\">\n\t\t\t\t<div class=\"elementor-element elementor-element-f1f44d4 animated-slow elementor-invisible elementor-widget elementor-widget-heading\" data-id=\"f1f44d4\" data-element_type=\"widget\" data-e-type=\"widget\" data-settings=\"{&quot;_animation&quot;:&quot;fadeIn&quot;}\" data-widget_type=\"heading.default\">\n\t\t\t\t<div class=\"elementor-widget-container\">\n\t\t\t\t\t<h3 class=\"elementor-heading-title elementor-size-default\">De Lyon en Dr\u00f4me<\/h3>\t\t\t\t<\/div>\n\t\t\t\t<\/div>\n\t\t\t\t<div class=\"elementor-element elementor-element-accce56 animated-slow elementor-invisible elementor-widget elementor-widget-heading\" data-id=\"accce56\" data-element_type=\"widget\" data-e-type=\"widget\" data-settings=\"{&quot;_animation&quot;:&quot;fadeIn&quot;}\" data-widget_type=\"heading.default\">\n\t\t\t\t<div class=\"elementor-widget-container\">\n\t\t\t\t\t<h2 class=\"elementor-heading-title elementor-size-default\">Mes propositions pour vous accompagner sur votre chemin<\/h2>\t\t\t\t<\/div>\n\t\t\t\t<\/div>\n\t\t\t\t\t<\/div>\n\t\t\t\t<\/div>\n\t\t<div class=\"elementor-element elementor-element-20f4438 e-con-full e-flex e-con e-parent\" data-id=\"20f4438\" data-element_type=\"container\" data-e-type=\"container\" data-settings=\"{&quot;background_background&quot;:&quot;classic&quot;}\">\n\t\t<div data-tp-sc-link=\"https:\/\/sadhana-ashtanga.fr\/retraites\/\" data-tp-sc-link-external=\"\" style=\"cursor: pointer\" class=\"elementor-element elementor-element-4d034f9 e-con-full animated-slow e-flex elementor-invisible e-con e-child\" data-id=\"4d034f9\" data-element_type=\"container\" data-e-type=\"container\" data-settings=\"{&quot;background_background&quot;:&quot;classic&quot;,&quot;animation&quot;:&quot;fadeIn&quot;}\">\n\t\t\t\t<div class=\"elementor-element elementor-element-bf25fba elementor-widget elementor-widget-heading\" data-id=\"bf25fba\" data-element_type=\"widget\" data-e-type=\"widget\" data-widget_type=\"heading.default\">\n\t\t\t\t<div class=\"elementor-widget-container\">\n\t\t\t\t\t<h3 class=\"elementor-heading-title elementor-size-default\">Dr\u00f4me<\/h3>\t\t\t\t<\/div>\n\t\t\t\t<\/div>\n\t\t<div class=\"elementor-element elementor-element-9ebddad e-flex e-con-boxed e-con e-child\" data-id=\"9ebddad\" data-element_type=\"container\" data-e-type=\"container\">\n\t\t\t\t\t<div class=\"e-con-inner\">\n\t\t\t\t<div class=\"elementor-element elementor-element-e046798 elementor-widget elementor-widget-heading\" data-id=\"e046798\" data-element_type=\"widget\" data-e-type=\"widget\" data-widget_type=\"heading.default\">\n\t\t\t\t<div class=\"elementor-widget-container\">\n\t\t\t\t\t<h2 class=\"elementor-heading-title elementor-size-default\">Retraites de Yoga<\/h2>\t\t\t\t<\/div>\n\t\t\t\t<\/div>\n\t\t\t\t<div class=\"elementor-element elementor-element-e3f9cb3 elementor-widget elementor-widget-button\" data-id=\"e3f9cb3\" data-element_type=\"widget\" data-e-type=\"widget\" data-widget_type=\"button.default\">\n\t\t\t\t<div class=\"elementor-widget-container\">\n\t\t\t\t\t\t\t\t\t<div class=\"elementor-button-wrapper\">\n\t\t\t\t\t<a class=\"elementor-button elementor-button-link elementor-size-sm\" href=\"https:\/\/sadhana-ashtanga.fr\/retraites\/\">\n\t\t\t\t\t\t<span class=\"elementor-button-content-wrapper\">\n\t\t\t\t\t\t\t\t\t<span class=\"elementor-button-text\">D\u00e9couvrir<\/span>\n\t\t\t\t\t<\/span>\n\t\t\t\t\t<\/a>\n\t\t\t\t<\/div>\n\t\t\t\t\t\t\t\t<\/div>\n\t\t\t\t<\/div>\n\t\t\t\t\t<\/div>\n\t\t\t\t<\/div>\n\t\t\t\t<\/div>\n\t\t<div data-tp-sc-link=\"https:\/\/sadhana-ashtanga.fr\/cours-de-yoga\/\" data-tp-sc-link-external=\"\" style=\"cursor: pointer\" class=\"elementor-element elementor-element-5448c2a e-con-full animated-slow e-flex elementor-invisible e-con e-child\" data-id=\"5448c2a\" data-element_type=\"container\" data-e-type=\"container\" data-settings=\"{&quot;background_background&quot;:&quot;classic&quot;,&quot;animation&quot;:&quot;fadeIn&quot;,&quot;animation_delay&quot;:200}\">\n\t\t\t\t<div class=\"elementor-element elementor-element-d15d7ac elementor-widget elementor-widget-heading\" data-id=\"d15d7ac\" data-element_type=\"widget\" data-e-type=\"widget\" data-widget_type=\"heading.default\">\n\t\t\t\t<div class=\"elementor-widget-container\">\n\t\t\t\t\t<h3 class=\"elementor-heading-title elementor-size-default\">Lyon, Crest<\/h3>\t\t\t\t<\/div>\n\t\t\t\t<\/div>\n\t\t<div class=\"elementor-element elementor-element-666a7bc e-flex e-con-boxed e-con e-child\" data-id=\"666a7bc\" data-element_type=\"container\" data-e-type=\"container\">\n\t\t\t\t\t<div class=\"e-con-inner\">\n\t\t\t\t<div class=\"elementor-element elementor-element-aa349e3 elementor-widget elementor-widget-heading\" data-id=\"aa349e3\" data-element_type=\"widget\" data-e-type=\"widget\" data-widget_type=\"heading.default\">\n\t\t\t\t<div class=\"elementor-widget-container\">\n\t\t\t\t\t<h2 class=\"elementor-heading-title elementor-size-default\">Cours de Yoga<\/h2>\t\t\t\t<\/div>\n\t\t\t\t<\/div>\n\t\t\t\t<div class=\"elementor-element elementor-element-2154abd elementor-widget elementor-widget-button\" data-id=\"2154abd\" data-element_type=\"widget\" data-e-type=\"widget\" data-widget_type=\"button.default\">\n\t\t\t\t<div class=\"elementor-widget-container\">\n\t\t\t\t\t\t\t\t\t<div class=\"elementor-button-wrapper\">\n\t\t\t\t\t<a class=\"elementor-button elementor-button-link elementor-size-sm\" href=\"https:\/\/sadhana-ashtanga.fr\/cours-de-yoga\/\">\n\t\t\t\t\t\t<span class=\"elementor-button-content-wrapper\">\n\t\t\t\t\t\t\t\t\t<span class=\"elementor-button-text\">D\u00e9couvrir<\/span>\n\t\t\t\t\t<\/span>\n\t\t\t\t\t<\/a>\n\t\t\t\t<\/div>\n\t\t\t\t\t\t\t\t<\/div>\n\t\t\t\t<\/div>\n\t\t\t\t\t<\/div>\n\t\t\t\t<\/div>\n\t\t\t\t<\/div>\n\t\t<div data-tp-sc-link=\"https:\/\/sadhana-ashtanga.fr\/accompagnement-biographique\/\" data-tp-sc-link-external=\"\" style=\"cursor: pointer\" class=\"elementor-element elementor-element-5d3e1fa e-con-full animated-slow e-flex elementor-invisible e-con e-child\" data-id=\"5d3e1fa\" data-element_type=\"container\" data-e-type=\"container\" data-settings=\"{&quot;background_background&quot;:&quot;classic&quot;,&quot;animation&quot;:&quot;fadeIn&quot;,&quot;animation_delay&quot;:400}\">\n\t\t\t\t<div class=\"elementor-element elementor-element-d3451b5 elementor-widget elementor-widget-heading\" data-id=\"d3451b5\" data-element_type=\"widget\" data-e-type=\"widget\" data-widget_type=\"heading.default\">\n\t\t\t\t<div class=\"elementor-widget-container\">\n\t\t\t\t\t<h3 class=\"elementor-heading-title elementor-size-default\">Lyon, Crest &amp; zoom<\/h3>\t\t\t\t<\/div>\n\t\t\t\t<\/div>\n\t\t<div class=\"elementor-element elementor-element-cb20608 e-flex e-con-boxed e-con e-child\" data-id=\"cb20608\" data-element_type=\"container\" data-e-type=\"container\">\n\t\t\t\t\t<div class=\"e-con-inner\">\n\t\t\t\t<div class=\"elementor-element elementor-element-543dbc9 elementor-widget elementor-widget-heading\" data-id=\"543dbc9\" data-element_type=\"widget\" data-e-type=\"widget\" data-widget_type=\"heading.default\">\n\t\t\t\t<div class=\"elementor-widget-container\">\n\t\t\t\t\t<h2 class=\"elementor-heading-title elementor-size-default\">Accompagnement biographique<\/h2>\t\t\t\t<\/div>\n\t\t\t\t<\/div>\n\t\t\t\t<div class=\"elementor-element elementor-element-b4de6e5 elementor-widget elementor-widget-button\" data-id=\"b4de6e5\" data-element_type=\"widget\" data-e-type=\"widget\" data-widget_type=\"button.default\">\n\t\t\t\t<div class=\"elementor-widget-container\">\n\t\t\t\t\t\t\t\t\t<div class=\"elementor-button-wrapper\">\n\t\t\t\t\t<a class=\"elementor-button elementor-button-link elementor-size-sm\" href=\"https:\/\/sadhana-ashtanga.fr\/accompagnement-biographique\/\">\n\t\t\t\t\t\t<span class=\"elementor-button-content-wrapper\">\n\t\t\t\t\t\t\t\t\t<span class=\"elementor-button-text\">D\u00e9couvrir<\/span>\n\t\t\t\t\t<\/span>\n\t\t\t\t\t<\/a>\n\t\t\t\t<\/div>\n\t\t\t\t\t\t\t\t<\/div>\n\t\t\t\t<\/div>\n\t\t\t\t\t<\/div>\n\t\t\t\t<\/div>\n\t\t\t\t<\/div>\n\t\t\t\t<\/div>\n\t\t\t\t<\/div>\n\t\t","protected":false},"excerpt":{"rendered":"<p>Kaya Sadhana Yoga &#8211; Biographie &#8211; Karma Chemins d&rsquo;exploration du Corps \u00e0 l&rsquo;Esprit K\u0101ya S\u0101dhan\u0101 ou la voie du corps, la voie de l&rsquo;exp\u00e9rience terrestre pour \u00e9lever sa conscience K\u0101ya [&hellip;]<\/p>\n","protected":false},"author":1,"featured_media":0,"parent":0,"menu_order":0,"comment_status":"closed","ping_status":"closed","template":"","meta":{"footnotes":""},"class_list":["post-169","page","type-page","status-publish","hentry"],"_links":{"self":[{"href":"https:\/\/sadhana-ashtanga.fr\/en\/wp-json\/wp\/v2\/pages\/169","targetHints":{"allow":["GET"]}}],"collection":[{"href":"https:\/\/sadhana-ashtanga.fr\/en\/wp-json\/wp\/v2\/pages"}],"about":[{"href":"https:\/\/sadhana-ashtanga.fr\/en\/wp-json\/wp\/v2\/types\/page"}],"author":[{"embeddable":true,"href":"https:\/\/sadhana-ashtanga.fr\/en\/wp-json\/wp\/v2\/users\/1"}],"replies":[{"embeddable":true,"href":"https:\/\/sadhana-ashtanga.fr\/en\/wp-json\/wp\/v2\/comments?post=169"}],"version-history":[{"count":215,"href":"https:\/\/sadhana-ashtanga.fr\/en\/wp-json\/wp\/v2\/pages\/169\/revisions"}],"predecessor-version":[{"id":2322,"href":"https:\/\/sadhana-ashtanga.fr\/en\/wp-json\/wp\/v2\/pages\/169\/revisions\/2322"}],"wp:attachment":[{"href":"https:\/\/sadhana-ashtanga.fr\/en\/wp-json\/wp\/v2\/media?parent=169"}],"curies":[{"name":"wp","href":"https:\/\/api.w.org\/{rel}","templated":true}]}}